{"id":857,"date":"2026-05-10T17:52:10","date_gmt":"2026-05-10T17:52:10","guid":{"rendered":"https:\/\/arrozvasconcelos.com.br\/novo_site\/?page_id=857"},"modified":"2026-05-13T11:29:16","modified_gmt":"2026-05-13T11:29:16","slug":"nossos-sites","status":"publish","type":"page","link":"https:\/\/arrozvasconcelos.com.br\/novo_site\/nossos-sites\/","title":{"rendered":"Nossos Sites"},"content":{"rendered":"\t\t<div data-elementor-type=\"wp-page\" data-elementor-id=\"857\" class=\"elementor elementor-857\">\n\t\t\t\t<div class=\"elementor-element elementor-element-de0a064 e-flex e-con-boxed e-con e-parent\" data-id=\"de0a064\" data-element_type=\"container\" data-e-type=\"container\">\n\t\t\t\t\t<div class=\"e-con-inner\">\n\t\t<div class=\"elementor-element elementor-element-fbf57f3 e-con-full e-flex e-con e-child\" data-id=\"fbf57f3\" data-element_type=\"container\" data-e-type=\"container\">\n\t\t\t\t<\/div>\n\t\t<div class=\"elementor-element elementor-element-dae0d47 e-con-full e-flex e-con e-child\" data-id=\"dae0d47\" data-element_type=\"container\" data-e-type=\"container\">\n\t\t\t\t\t\t\t<h2 \n\t\tdata-interaction-id=\"ff8f672\" \n\t\tclass=\"e-ff8f672-b96facc e-heading-base\" \n\t\t \n\t\t\n\t>\n\t\n\t\t\tConhe\u00e7a Nossos Sites\n\t\t<\/h2>\n\t\t\t\t<div class=\"elementor-element elementor-element-397532b elementor-widget-divider--view-line elementor-widget elementor-widget-divider\" data-id=\"397532b\" data-element_type=\"widget\" data-e-type=\"widget\" data-widget_type=\"divider.default\">\n\t\t\t\t\t\t\t<div class=\"elementor-divider\">\n\t\t\t<span class=\"elementor-divider-separator\">\n\t\t\t\t\t\t<\/span>\n\t\t<\/div>\n\t\t\t\t\t\t<\/div>\n\t\t\t\t<div class=\"elementor-element elementor-element-cccf6fd elementor-widget elementor-widget-text-editor\" data-id=\"cccf6fd\" data-element_type=\"widget\" data-e-type=\"widget\" data-widget_type=\"text-editor.default\">\n\t\t\t\t\t\t\t\t\t<p>A tradi\u00e7\u00e3o Vasconcelos vai al\u00e9m do arroz. Explore nossos outros universos e descubra tudo que cultivamos com cuidado para a sua mesa.<\/p>\t\t\t\t\t\t\t\t<\/div>\n\t\t\t\t<\/div>\n\t\t\t\t\t<\/div>\n\t\t\t\t<\/div>\n\t\t<div class=\"elementor-element elementor-element-9dfe7e4 animated-slow e-flex e-con-boxed elementor-invisible e-con e-parent\" data-id=\"9dfe7e4\" data-element_type=\"container\" data-e-type=\"container\" data-settings=\"{&quot;background_background&quot;:&quot;classic&quot;,&quot;animation&quot;:&quot;fadeIn&quot;,&quot;animation_delay&quot;:300}\">\n\t\t\t\t\t<div class=\"e-con-inner\">\n\t\t<div class=\"elementor-element elementor-element-0b1ae7b e-con-full e-flex e-con e-child\" data-id=\"0b1ae7b\" data-element_type=\"container\" data-e-type=\"container\">\n\t\t\t\t<div class=\"elementor-element elementor-element-b4e46c3 elementor-widget elementor-widget-heading\" data-id=\"b4e46c3\" data-element_type=\"widget\" data-e-type=\"widget\" data-widget_type=\"heading.default\">\n\t\t\t\t\t<h2 class=\"elementor-heading-title elementor-size-default\">Uma fam\u00edlia. M\u00faltiplos sabores. O mesmo compromisso com qualidade.<\/h2>\t\t\t\t<\/div>\n\t\t\t\t<\/div>\n\t\t\t\t\t<\/div>\n\t\t\t\t<\/div>\n\t\t<div class=\"elementor-element elementor-element-4487dc0 e-flex e-con-boxed e-con e-parent\" data-id=\"4487dc0\" data-element_type=\"container\" data-e-type=\"container\">\n\t\t\t\t\t<div class=\"e-con-inner\">\n\t\t<div class=\"elementor-element elementor-element-a00d061 e-con-full e-flex e-con e-child\" data-id=\"a00d061\" data-element_type=\"container\" data-e-type=\"container\">\n\t\t\t\t<\/div>\n\t\t<div class=\"elementor-element elementor-element-e9e476e e-con-full e-flex e-con e-child\" data-id=\"e9e476e\" data-element_type=\"container\" data-e-type=\"container\">\n\t\t\t\t<div class=\"elementor-element elementor-element-e6eecc4 elementor-widget elementor-widget-text-editor\" data-id=\"e6eecc4\" data-element_type=\"widget\" data-e-type=\"widget\" data-widget_type=\"text-editor.default\">\n\t\t\t\t\t\t\t\t\t<p>SITE INSTITUCIONAL<\/p><p><strong>Caf\u00e9 Vasconcelos<\/strong><\/p><p><strong>\u00a0<\/strong><\/p><p>Do gr\u00e3o \u00e0 x\u00edcara, o Caf\u00e9 Vasconcelos carrega a mesma dedica\u00e7\u00e3o de d\u00e9cadas que marca todos os nossos produtos. Acesse o site institucional e conhe\u00e7a o que nos torna \u00fanicos no universo cafeeiro.<\/p><p>\u00a0<\/p><p><strong><a style=\"font-size: 16px;\" href=\"http:\/\/www.cafevasconcelos.com.br\" target=\"_blank\" rel=\"noopener\">cafevasconcelos.com.br<\/a><\/strong><\/p>\t\t\t\t\t\t\t\t<\/div>\n\t\t\t\t<\/div>\n\t\t\t\t\t<\/div>\n\t\t\t\t<\/div>\n\t\t<div class=\"elementor-element elementor-element-16a1a50 e-flex e-con-boxed e-con e-parent\" data-id=\"16a1a50\" data-element_type=\"container\" data-e-type=\"container\">\n\t\t\t\t\t<div class=\"e-con-inner\">\n\t\t<div class=\"elementor-element elementor-element-b36c31b e-con-full e-flex e-con e-child\" data-id=\"b36c31b\" data-element_type=\"container\" data-e-type=\"container\">\n\t\t\t\t<\/div>\n\t\t<div class=\"elementor-element elementor-element-ffd1f0e e-con-full e-flex e-con e-child\" data-id=\"ffd1f0e\" data-element_type=\"container\" data-e-type=\"container\">\n\t\t\t\t<div class=\"elementor-element elementor-element-95f2276 elementor-widget elementor-widget-text-editor\" data-id=\"95f2276\" data-element_type=\"widget\" data-e-type=\"widget\" data-widget_type=\"text-editor.default\">\n\t\t\t\t\t\t\t\t\t<p>SITE DE E-COMMERCE<\/p><p><strong>Loja Vasconcelos<\/strong><\/p><p><strong>\u00a0<\/strong><\/p><p>Agora voc\u00ea pode pedir o seu caf\u00e9 favorito sem sair de casa. Na Loja Vasconcelos, voc\u00ea encontra nossos produtos com praticidade, seguran\u00e7a e a qualidade que a sua fam\u00edlia j\u00e1 conhece e confia.<\/p><p>\u00a0<\/p><p><strong><a style=\"font-size: 16px;\" href=\"http:\/\/www.lojavasconcelos.com.br\" target=\"_blank\" rel=\"noopener\">lojavasconcelos.com.br<\/a><\/strong><\/p>\t\t\t\t\t\t\t\t<\/div>\n\t\t\t\t<\/div>\n\t\t\t\t\t<\/div>\n\t\t\t\t<\/div>\n\t\t\t\t<\/div>\n\t\t","protected":false},"excerpt":{"rendered":"<p>Conhe\u00e7a Nossos Sites A tradi\u00e7\u00e3o Vasconcelos vai al\u00e9m do arroz. Explore nossos outros universos e descubra tudo que cultivamos com cuidado para a sua mesa. Uma fam\u00edlia. M\u00faltiplos sabores. O mesmo compromisso com qualidade. SITE INSTITUCIONAL Caf\u00e9 Vasconcelos \u00a0 Do gr\u00e3o \u00e0 x\u00edcara, o Caf\u00e9 Vasconcelos carrega a mesma dedica\u00e7\u00e3o de d\u00e9cadas que marca todos [&hellip;]<\/p>\n","protected":false},"author":1,"featured_media":0,"parent":0,"menu_order":0,"comment_status":"closed","ping_status":"closed","template":"elementor_header_footer","meta":{"footnotes":""},"class_list":["post-857","page","type-page","status-publish","hentry"],"_links":{"self":[{"href":"https:\/\/arrozvasconcelos.com.br\/novo_site\/wp-json\/wp\/v2\/pages\/857","targetHints":{"allow":["GET"]}}],"collection":[{"href":"https:\/\/arrozvasconcelos.com.br\/novo_site\/wp-json\/wp\/v2\/pages"}],"about":[{"href":"https:\/\/arrozvasconcelos.com.br\/novo_site\/wp-json\/wp\/v2\/types\/page"}],"author":[{"embeddable":true,"href":"https:\/\/arrozvasconcelos.com.br\/novo_site\/wp-json\/wp\/v2\/users\/1"}],"replies":[{"embeddable":true,"href":"https:\/\/arrozvasconcelos.com.br\/novo_site\/wp-json\/wp\/v2\/comments?post=857"}],"version-history":[{"count":106,"href":"https:\/\/arrozvasconcelos.com.br\/novo_site\/wp-json\/wp\/v2\/pages\/857\/revisions"}],"predecessor-version":[{"id":1477,"href":"https:\/\/arrozvasconcelos.com.br\/novo_site\/wp-json\/wp\/v2\/pages\/857\/revisions\/1477"}],"wp:attachment":[{"href":"https:\/\/arrozvasconcelos.com.br\/novo_site\/wp-json\/wp\/v2\/media?parent=857"}],"curies":[{"name":"wp","href":"https:\/\/api.w.org\/{rel}","templated":true}]}}