{"id":680,"date":"2026-05-09T01:00:28","date_gmt":"2026-05-09T01:00:28","guid":{"rendered":"https:\/\/arrozvasconcelos.com.br\/novo_site\/?page_id=680"},"modified":"2026-05-13T11:25:27","modified_gmt":"2026-05-13T11:25:27","slug":"politica-de-qualidade","status":"publish","type":"page","link":"https:\/\/arrozvasconcelos.com.br\/novo_site\/politica-de-qualidade\/","title":{"rendered":"Pol\u00edtica de Qualidade"},"content":{"rendered":"\t\t<div data-elementor-type=\"wp-page\" data-elementor-id=\"680\" class=\"elementor elementor-680\">\n\t\t\t\t<div class=\"elementor-element elementor-element-590ee8f e-flex e-con-boxed e-con e-parent\" data-id=\"590ee8f\" data-element_type=\"container\" data-e-type=\"container\">\n\t\t\t\t\t<div class=\"e-con-inner\">\n\t\t<div class=\"elementor-element elementor-element-60110b3 e-con-full e-flex e-con e-child\" data-id=\"60110b3\" data-element_type=\"container\" data-e-type=\"container\">\n\t\t<div class=\"elementor-element elementor-element-ca21ac7 e-con-full e-flex e-con e-child\" data-id=\"ca21ac7\" data-element_type=\"container\" data-e-type=\"container\">\n\t\t\t\t<\/div>\n\t\t<div class=\"elementor-element elementor-element-37fdca1 e-con-full e-flex e-con e-child\" data-id=\"37fdca1\" data-element_type=\"container\" data-e-type=\"container\">\n\t\t\t\t\t\t\t<h3 \n\t\tdata-interaction-id=\"f3ac86d\" \n\t\tclass=\"e-f3ac86d-4d1ef98 e-heading-base\" \n\t\t \n\t\t\n\t>\n\t\n\t\t\tPol\u00edtica Integrada de Qualidade e Seguran\u00e7a de Alimentos\n\t\t<\/h3>\n\t\t\t\t<div class=\"elementor-element elementor-element-54e5f0b elementor-widget-divider--view-line elementor-widget elementor-widget-divider\" data-id=\"54e5f0b\" data-element_type=\"widget\" data-e-type=\"widget\" data-widget_type=\"divider.default\">\n\t\t\t\t\t\t\t<div class=\"elementor-divider\">\n\t\t\t<span class=\"elementor-divider-separator\">\n\t\t\t\t\t\t<\/span>\n\t\t<\/div>\n\t\t\t\t\t\t<\/div>\n\t\t\t\t<div class=\"elementor-element elementor-element-e4c4633 elementor-widget elementor-widget-text-editor\" data-id=\"e4c4633\" data-element_type=\"widget\" data-e-type=\"widget\" data-widget_type=\"text-editor.default\">\n\t\t\t\t\t\t\t\t\t<p>Conhe\u00e7a os compromissos que guiam cada etapa da nossa produ\u00e7\u00e3o e garantem a qualidade que chega at\u00e9 a sua mesa.<\/p>\t\t\t\t\t\t\t\t<\/div>\n\t\t\t\t<\/div>\n\t\t\t\t<\/div>\n\t\t\t\t\t<\/div>\n\t\t\t\t<\/div>\n\t\t<div class=\"elementor-element elementor-element-0341a3d animated-slow e-flex e-con-boxed elementor-invisible e-con e-parent\" data-id=\"0341a3d\" data-element_type=\"container\" data-e-type=\"container\" data-settings=\"{&quot;background_background&quot;:&quot;classic&quot;,&quot;animation&quot;:&quot;fadeIn&quot;,&quot;animation_delay&quot;:900}\">\n\t\t\t\t\t<div class=\"e-con-inner\">\n\t\t<div class=\"elementor-element elementor-element-24897c1 e-con-full e-flex e-con e-child\" data-id=\"24897c1\" data-element_type=\"container\" data-e-type=\"container\">\n\t\t\t\t<div class=\"elementor-element elementor-element-63f3887 elementor-widget elementor-widget-heading\" data-id=\"63f3887\" data-element_type=\"widget\" data-e-type=\"widget\" data-widget_type=\"heading.default\">\n\t\t\t\t\t<h2 class=\"elementor-heading-title elementor-size-default\">Qualidade n\u00e3o \u00e9 uma etapa do processo. \u00c9 o compromisso que est\u00e1 em cada gr\u00e3o.<\/h2>\t\t\t\t<\/div>\n\t\t\t\t<\/div>\n\t\t\t\t\t<\/div>\n\t\t\t\t<\/div>\n\t\t<div class=\"elementor-element elementor-element-6ddad7d e-flex e-con-boxed e-con e-parent\" data-id=\"6ddad7d\" data-element_type=\"container\" data-e-type=\"container\">\n\t\t\t\t\t<div class=\"e-con-inner\">\n\t\t<div class=\"elementor-element elementor-element-168ca26 e-con-full e-flex e-con e-child\" data-id=\"168ca26\" data-element_type=\"container\" data-e-type=\"container\">\n\t\t\t\t<\/div>\n\t\t<div class=\"elementor-element elementor-element-048162a e-con-full e-flex e-con e-child\" data-id=\"048162a\" data-element_type=\"container\" data-e-type=\"container\">\n\t\t\t\t<div class=\"elementor-element elementor-element-9edd809 elementor-widget__width-initial elementor-widget elementor-widget-text-editor\" data-id=\"9edd809\" data-element_type=\"widget\" data-e-type=\"widget\" data-widget_type=\"text-editor.default\">\n\t\t\t\t\t\t\t\t\t<p>\u00a0<\/p><p>A Vasconcelos, atrav\u00e9s da alta dire\u00e7\u00e3o tem o compromisso de atender aos requisitos<br \/>legais e do cliente, contando com o envolvimento de seus colaboradores para a<br \/>melhoria cont\u00ednua de seus processos, uma produ\u00e7\u00e3o dentro dos padr\u00f5es de qualidade<br \/>e seguran\u00e7a de alimentos para garantir a satisfa\u00e7\u00e3o e as expectativas dos seus<br \/>clientes de forma sustent\u00e1vel e isenta de risco, al\u00e9m da efic\u00e1cia do seu sistema de<br \/>gest\u00e3o integrada de seguran\u00e7a de alimentos e qualidade.<\/p><p>Al\u00e9m disso, a Vasconcelos, tem o compromisso de promover a capacita\u00e7\u00e3o cont\u00ednua<br \/>de seus colaboradores e zelar pela seguran\u00e7a e sa\u00fade de todos durante suas<br \/>opera\u00e7\u00f5es. No mais, a Vasconcelos visa proporcionar seguran\u00e7a de alimentos a partir<br \/>de medidas de an\u00e1lise, melhoria, controle, padroniza\u00e7\u00e3o e atualiza\u00e7\u00e3o de a\u00e7\u00f5es<br \/>preventivas e corretivas em toda cadeia de produ\u00e7\u00e3o de alimentos.<\/p><p>Desta maneira a Vasconcelos pretende evoluir e se destacar no mercado transporte,<br \/>beneficiamento e comercializa\u00e7\u00e3o de produtos aliment\u00edcios, para a perpetua\u00e7\u00e3o do<br \/>seu neg\u00f3cio.<\/p><p>A organiza\u00e7\u00e3o visa prover os recursos necess\u00e1rios com estrutura para estabelecer e<br \/>analisar criticamente os objetivos e metas por ela definidos, analisando criticamente<br \/>seus resultados para continuidade de sua adequa\u00e7\u00e3o.<\/p>\t\t\t\t\t\t\t\t<\/div>\n\t\t\t\t<\/div>\n\t\t\t\t\t<\/div>\n\t\t\t\t<\/div>\n\t\t<div class=\"elementor-element elementor-element-1ee616f e-flex e-con-boxed e-con e-parent\" data-id=\"1ee616f\" data-element_type=\"container\" data-e-type=\"container\">\n\t\t\t\t\t<div class=\"e-con-inner\">\n\t\t<div class=\"elementor-element elementor-element-02002af e-con-full e-flex e-con e-child\" data-id=\"02002af\" data-element_type=\"container\" data-e-type=\"container\">\n\t\t\t\t<\/div>\n\t\t<div class=\"elementor-element elementor-element-717ef6e e-con-full e-flex e-con e-child\" data-id=\"717ef6e\" data-element_type=\"container\" data-e-type=\"container\">\n\t\t\t\t<div class=\"elementor-element elementor-element-a575938 elementor-widget elementor-widget-heading\" data-id=\"a575938\" data-element_type=\"widget\" data-e-type=\"widget\" data-widget_type=\"heading.default\">\n\t\t\t\t\t<h2 class=\"elementor-heading-title elementor-size-default\">Objetivos Estrat\u00e9gicos<\/h2>\t\t\t\t<\/div>\n\t\t\t\t<\/div>\n\t\t\t\t\t<\/div>\n\t\t\t\t<\/div>\n\t\t<div class=\"elementor-element elementor-element-27e1e35 e-flex e-con-boxed e-con e-parent\" data-id=\"27e1e35\" data-element_type=\"container\" data-e-type=\"container\">\n\t\t\t\t\t<div class=\"e-con-inner\">\n\t\t<div class=\"elementor-element elementor-element-a1ce94f e-con-full e-flex e-con e-child\" data-id=\"a1ce94f\" data-element_type=\"container\" data-e-type=\"container\">\n\t\t\t\t<\/div>\n\t\t<div class=\"elementor-element elementor-element-95a815f e-con-full e-flex e-con e-child\" data-id=\"95a815f\" data-element_type=\"container\" data-e-type=\"container\">\n\t\t\t\t<div class=\"elementor-element elementor-element-5bca374 elementor-widget__width-initial elementor-widget elementor-widget-text-editor\" data-id=\"5bca374\" data-element_type=\"widget\" data-e-type=\"widget\" data-widget_type=\"text-editor.default\">\n\t\t\t\t\t\t\t\t\t<p>Satisfa\u00e7\u00e3o de nossos clientes;<br \/>Seguran\u00e7a de alimentos;<br \/>Qualidade nos processos e produtos;<br \/>Melhoria cont\u00ednua nos processos;<br \/>Manuten\u00e7\u00e3o dos processos de comunica\u00e7\u00e3o internos e<br \/>externos.<\/p>\t\t\t\t\t\t\t\t<\/div>\n\t\t\t\t<\/div>\n\t\t\t\t\t<\/div>\n\t\t\t\t<\/div>\n\t\t<div class=\"elementor-element elementor-element-e360a4b e-flex e-con-boxed e-con e-parent\" data-id=\"e360a4b\" data-element_type=\"container\" data-e-type=\"container\">\n\t\t\t\t\t<div class=\"e-con-inner\">\n\t\t<div class=\"elementor-element elementor-element-6521b1a e-con-full e-flex e-con e-child\" data-id=\"6521b1a\" data-element_type=\"container\" data-e-type=\"container\">\n\t\t\t\t<\/div>\n\t\t<div class=\"elementor-element elementor-element-1a7936b e-con-full e-flex e-con e-child\" data-id=\"1a7936b\" data-element_type=\"container\" data-e-type=\"container\">\n\t\t\t\t<div class=\"elementor-element elementor-element-1b92b70 elementor-widget__width-initial elementor-widget elementor-widget-text-editor\" data-id=\"1b92b70\" data-element_type=\"widget\" data-e-type=\"widget\" data-widget_type=\"text-editor.default\">\n\t\t\t\t\t\t\t\t\t<p><strong>REVIS\u00c3O. 05 DATA 14\/02\/2026<\/strong><\/p>\t\t\t\t\t\t\t\t<\/div>\n\t\t\t\t<\/div>\n\t\t\t\t\t<\/div>\n\t\t\t\t<\/div>\n\t\t\t\t<\/div>\n\t\t","protected":false},"excerpt":{"rendered":"<p>Pol\u00edtica Integrada de Qualidade e Seguran\u00e7a de Alimentos Conhe\u00e7a os compromissos que guiam cada etapa da nossa produ\u00e7\u00e3o e garantem a qualidade que chega at\u00e9 a sua mesa. Qualidade n\u00e3o \u00e9 uma etapa do processo. \u00c9 o compromisso que est\u00e1 em cada gr\u00e3o. \u00a0 A Vasconcelos, atrav\u00e9s da alta dire\u00e7\u00e3o tem o compromisso de atender [&hellip;]<\/p>\n","protected":false},"author":1,"featured_media":0,"parent":0,"menu_order":0,"comment_status":"closed","ping_status":"closed","template":"elementor_header_footer","meta":{"footnotes":""},"class_list":["post-680","page","type-page","status-publish","hentry"],"_links":{"self":[{"href":"https:\/\/arrozvasconcelos.com.br\/novo_site\/wp-json\/wp\/v2\/pages\/680","targetHints":{"allow":["GET"]}}],"collection":[{"href":"https:\/\/arrozvasconcelos.com.br\/novo_site\/wp-json\/wp\/v2\/pages"}],"about":[{"href":"https:\/\/arrozvasconcelos.com.br\/novo_site\/wp-json\/wp\/v2\/types\/page"}],"author":[{"embeddable":true,"href":"https:\/\/arrozvasconcelos.com.br\/novo_site\/wp-json\/wp\/v2\/users\/1"}],"replies":[{"embeddable":true,"href":"https:\/\/arrozvasconcelos.com.br\/novo_site\/wp-json\/wp\/v2\/comments?post=680"}],"version-history":[{"count":40,"href":"https:\/\/arrozvasconcelos.com.br\/novo_site\/wp-json\/wp\/v2\/pages\/680\/revisions"}],"predecessor-version":[{"id":1470,"href":"https:\/\/arrozvasconcelos.com.br\/novo_site\/wp-json\/wp\/v2\/pages\/680\/revisions\/1470"}],"wp:attachment":[{"href":"https:\/\/arrozvasconcelos.com.br\/novo_site\/wp-json\/wp\/v2\/media?parent=680"}],"curies":[{"name":"wp","href":"https:\/\/api.w.org\/{rel}","templated":true}]}}