{"id":565,"date":"2026-05-08T17:41:56","date_gmt":"2026-05-08T17:41:56","guid":{"rendered":"https:\/\/arrozvasconcelos.com.br\/novo_site\/?page_id=565"},"modified":"2026-05-13T11:21:28","modified_gmt":"2026-05-13T11:21:28","slug":"fale-conosco","status":"publish","type":"page","link":"https:\/\/arrozvasconcelos.com.br\/novo_site\/fale-conosco\/","title":{"rendered":"Fale Conosco"},"content":{"rendered":"\t\t<div data-elementor-type=\"wp-page\" data-elementor-id=\"565\" class=\"elementor elementor-565\">\n\t\t\t\t<div class=\"elementor-element elementor-element-053e5ce e-flex e-con-boxed e-con e-parent\" data-id=\"053e5ce\" data-element_type=\"container\" data-e-type=\"container\">\n\t\t\t\t\t<div class=\"e-con-inner\">\n\t\t<div class=\"elementor-element elementor-element-9a342bd e-con-full e-flex e-con e-child\" data-id=\"9a342bd\" data-element_type=\"container\" data-e-type=\"container\">\n\t\t<div class=\"elementor-element elementor-element-ef628a1 e-con-full e-flex e-con e-child\" data-id=\"ef628a1\" data-element_type=\"container\" data-e-type=\"container\">\n\t\t\t\t<\/div>\n\t\t<div class=\"elementor-element elementor-element-e7cfe91 e-con-full e-flex e-con e-child\" data-id=\"e7cfe91\" data-element_type=\"container\" data-e-type=\"container\">\n\t\t\t\t\t\t\t<h2 \n\t\tdata-interaction-id=\"3a70017\" \n\t\tclass=\"e-3a70017-da68dbf e-heading-base\" \n\t\t \n\t\t\n\t>\n\t\n\t\t\tFale Conosco\n\t\t<\/h2>\n\t\t\t\t<div class=\"elementor-element elementor-element-f83b6d8 elementor-widget-divider--view-line elementor-widget elementor-widget-divider\" data-id=\"f83b6d8\" data-element_type=\"widget\" data-e-type=\"widget\" data-widget_type=\"divider.default\">\n\t\t\t\t\t\t\t<div class=\"elementor-divider\">\n\t\t\t<span class=\"elementor-divider-separator\">\n\t\t\t\t\t\t<\/span>\n\t\t<\/div>\n\t\t\t\t\t\t<\/div>\n\t\t\t\t<div class=\"elementor-element elementor-element-d2cea7d elementor-widget elementor-widget-text-editor\" data-id=\"d2cea7d\" data-element_type=\"widget\" data-e-type=\"widget\" data-widget_type=\"text-editor.default\">\n\t\t\t\t\t\t\t\t\t<p>Estamos prontos para atender voc\u00ea. Entre em contato pelo telefone ou visite nossa unidade em Araguari \u2014 ser\u00e1 um prazer receb\u00ea-lo.<\/p>\t\t\t\t\t\t\t\t<\/div>\n\t\t\t\t<\/div>\n\t\t\t\t<\/div>\n\t\t\t\t\t<\/div>\n\t\t\t\t<\/div>\n\t\t<div class=\"elementor-element elementor-element-f2f3f51 animated-slow e-flex e-con-boxed elementor-invisible e-con e-parent\" data-id=\"f2f3f51\" data-element_type=\"container\" data-e-type=\"container\" data-settings=\"{&quot;background_background&quot;:&quot;classic&quot;,&quot;animation&quot;:&quot;fadeIn&quot;,&quot;animation_delay&quot;:300}\">\n\t\t\t\t\t<div class=\"e-con-inner\">\n\t\t<div class=\"elementor-element elementor-element-dca65a1 e-con-full e-flex e-con e-child\" data-id=\"dca65a1\" data-element_type=\"container\" data-e-type=\"container\">\n\t\t\t\t<div class=\"elementor-element elementor-element-f2ffd80 elementor-widget elementor-widget-heading\" data-id=\"f2ffd80\" data-element_type=\"widget\" data-e-type=\"widget\" data-widget_type=\"heading.default\">\n\t\t\t\t\t<h2 class=\"elementor-heading-title elementor-size-default\">Da nossa terra \u00e0 sua mesa. Do seu contato ao nosso cuidado.<\/h2>\t\t\t\t<\/div>\n\t\t\t\t<\/div>\n\t\t\t\t\t<\/div>\n\t\t\t\t<\/div>\n\t\t<div class=\"elementor-element elementor-element-b2db1af e-flex e-con-boxed e-con e-parent\" data-id=\"b2db1af\" data-element_type=\"container\" data-e-type=\"container\">\n\t\t\t\t\t<div class=\"e-con-inner\">\n\t\t<div class=\"elementor-element elementor-element-3059b04 e-con-full e-flex e-con e-child\" data-id=\"3059b04\" data-element_type=\"container\" data-e-type=\"container\">\n\t\t<div class=\"elementor-element elementor-element-2abd55e e-con-full e-flex e-con e-child\" data-id=\"2abd55e\" data-element_type=\"container\" data-e-type=\"container\">\n\t\t\t\t<div class=\"elementor-element elementor-element-427adec elementor-widget__width-inherit elementor-widget elementor-widget-text-editor\" data-id=\"427adec\" data-element_type=\"widget\" data-e-type=\"widget\" data-widget_type=\"text-editor.default\">\n\t\t\t\t\t\t\t\t\t<h4><strong>Vasconcelos Alimentos S.A.<\/strong><\/h4><p>Rodovia BR-050, Km 43, s\/n, Distrito Industrial<\/p><p>Araguari &#8211; MG<\/p><p>CEP 38446-232<\/p><p>CNPJ: 03.647.755\/0001-70<\/p><p>\u00a0<\/p>\t\t\t\t\t\t\t\t<\/div>\n\t\t\t\t<\/div>\n\t\t<div class=\"elementor-element elementor-element-144757b e-con-full e-flex e-con e-child\" data-id=\"144757b\" data-element_type=\"container\" data-e-type=\"container\">\n\t\t\t\t<div class=\"elementor-element elementor-element-85c246d elementor-widget__width-inherit elementor-widget elementor-widget-text-editor\" data-id=\"85c246d\" data-element_type=\"widget\" data-e-type=\"widget\" data-widget_type=\"text-editor.default\">\n\t\t\t\t\t\t\t\t\t<h4><strong>Telefone: (34) 2108-7979\u00a0<\/strong><\/h4><p><img decoding=\"async\" class=\"size-medium wp-image-1164 alignleft\" src=\"https:\/\/arrozvasconcelos.com.br\/novo_site\/wp-content\/uploads\/2026\/05\/icone_arrozvasconcelos_whatsapp-300x300.png\" alt=\"Arroz Vasconcelos Whatsapp\" width=\"40\" height=\"40\" srcset=\"https:\/\/arrozvasconcelos.com.br\/novo_site\/wp-content\/uploads\/2026\/05\/icone_arrozvasconcelos_whatsapp-300x300.png 300w, https:\/\/arrozvasconcelos.com.br\/novo_site\/wp-content\/uploads\/2026\/05\/icone_arrozvasconcelos_whatsapp-150x150.png 150w, https:\/\/arrozvasconcelos.com.br\/novo_site\/wp-content\/uploads\/2026\/05\/icone_arrozvasconcelos_whatsapp.png 512w\" sizes=\"(max-width: 40px) 100vw, 40px\" \/><a href=\"https:\/\/wa.me\/5534992990004\" target=\"_blank\" rel=\"noopener\">Whatsapp: 55-34-9929-0004<\/a><\/p><p>\u00a0<\/p><p><strong>Hor\u00e1rio de atendimento<\/strong><\/p><p>Segunda a sexta: 07h30 \u00e0s 11h e 13h \u00e0s 17h30<\/p><p>S\u00e1bado: 07h30 \u00e0s 11h<\/p>\t\t\t\t\t\t\t\t<\/div>\n\t\t\t\t<\/div>\n\t\t\t\t<\/div>\n\t\t\t\t\t<\/div>\n\t\t\t\t<\/div>\n\t\t<div class=\"elementor-element elementor-element-e685734 e-flex e-con-boxed e-con e-parent\" data-id=\"e685734\" data-element_type=\"container\" data-e-type=\"container\">\n\t\t\t\t\t<div class=\"e-con-inner\">\n\t\t<div class=\"elementor-element elementor-element-f530efd e-con-full e-flex e-con e-child\" data-id=\"f530efd\" data-element_type=\"container\" data-e-type=\"container\">\n\t\t<div class=\"elementor-element elementor-element-e5af3e1 e-con-full e-flex e-con e-child\" data-id=\"e5af3e1\" data-element_type=\"container\" data-e-type=\"container\">\n\t\t\t\t<div class=\"elementor-element elementor-element-315a5e6 elementor-widget elementor-widget-google_maps\" data-id=\"315a5e6\" data-element_type=\"widget\" data-e-type=\"widget\" data-widget_type=\"google_maps.default\">\n\t\t\t\t\t\t\t<div class=\"elementor-custom-embed\">\n\t\t\t<iframe loading=\"lazy\"\n\t\t\t\t\tsrc=\"https:\/\/maps.google.com\/maps?q=Arroz%20Vasconcelos%20Araguari%20-%20MG&#038;t=m&#038;z=11&#038;output=embed&#038;iwloc=near\"\n\t\t\t\t\ttitle=\"Arroz Vasconcelos Araguari - MG\"\n\t\t\t\t\taria-label=\"Arroz Vasconcelos Araguari - MG\"\n\t\t\t><\/iframe>\n\t\t<\/div>\n\t\t\t\t\t\t<\/div>\n\t\t\t\t<\/div>\n\t\t\t\t<\/div>\n\t\t\t\t\t<\/div>\n\t\t\t\t<\/div>\n\t\t\t\t<\/div>\n\t\t","protected":false},"excerpt":{"rendered":"<p>Fale Conosco Estamos prontos para atender voc\u00ea. Entre em contato pelo telefone ou visite nossa unidade em Araguari \u2014 ser\u00e1 um prazer receb\u00ea-lo. Da nossa terra \u00e0 sua mesa. Do seu contato ao nosso cuidado. Vasconcelos Alimentos S.A. Rodovia BR-050, Km 43, s\/n, Distrito Industrial Araguari &#8211; MG CEP 38446-232 CNPJ: 03.647.755\/0001-70 \u00a0 Telefone: (34) [&hellip;]<\/p>\n","protected":false},"author":1,"featured_media":0,"parent":0,"menu_order":0,"comment_status":"closed","ping_status":"closed","template":"elementor_header_footer","meta":{"footnotes":""},"class_list":["post-565","page","type-page","status-publish","hentry"],"_links":{"self":[{"href":"https:\/\/arrozvasconcelos.com.br\/novo_site\/wp-json\/wp\/v2\/pages\/565","targetHints":{"allow":["GET"]}}],"collection":[{"href":"https:\/\/arrozvasconcelos.com.br\/novo_site\/wp-json\/wp\/v2\/pages"}],"about":[{"href":"https:\/\/arrozvasconcelos.com.br\/novo_site\/wp-json\/wp\/v2\/types\/page"}],"author":[{"embeddable":true,"href":"https:\/\/arrozvasconcelos.com.br\/novo_site\/wp-json\/wp\/v2\/users\/1"}],"replies":[{"embeddable":true,"href":"https:\/\/arrozvasconcelos.com.br\/novo_site\/wp-json\/wp\/v2\/comments?post=565"}],"version-history":[{"count":134,"href":"https:\/\/arrozvasconcelos.com.br\/novo_site\/wp-json\/wp\/v2\/pages\/565\/revisions"}],"predecessor-version":[{"id":1462,"href":"https:\/\/arrozvasconcelos.com.br\/novo_site\/wp-json\/wp\/v2\/pages\/565\/revisions\/1462"}],"wp:attachment":[{"href":"https:\/\/arrozvasconcelos.com.br\/novo_site\/wp-json\/wp\/v2\/media?parent=565"}],"curies":[{"name":"wp","href":"https:\/\/api.w.org\/{rel}","templated":true}]}}