{"id":429,"date":"2026-05-08T13:47:28","date_gmt":"2026-05-08T13:47:28","guid":{"rendered":"https:\/\/arrozvasconcelos.com.br\/novo_site\/?page_id=429"},"modified":"2026-05-13T10:46:56","modified_gmt":"2026-05-13T10:46:56","slug":"lgpd","status":"publish","type":"page","link":"https:\/\/arrozvasconcelos.com.br\/novo_site\/lgpd\/","title":{"rendered":"LGPD"},"content":{"rendered":"\t\t<div data-elementor-type=\"wp-page\" data-elementor-id=\"429\" class=\"elementor elementor-429\">\n\t\t\t\t<div class=\"elementor-element elementor-element-2e93195 e-flex e-con-boxed e-con e-parent\" data-id=\"2e93195\" data-element_type=\"container\" data-e-type=\"container\">\n\t\t\t\t\t<div class=\"e-con-inner\">\n\t\t<div class=\"elementor-element elementor-element-15a8809 e-con-full e-flex e-con e-child\" data-id=\"15a8809\" data-element_type=\"container\" data-e-type=\"container\">\n\t\t\t\t<\/div>\n\t\t<div class=\"elementor-element elementor-element-5b2b9de e-con-full e-flex e-con e-child\" data-id=\"5b2b9de\" data-element_type=\"container\" data-e-type=\"container\">\n\t\t\t\t\t\t\t<h3 \n\t\tdata-interaction-id=\"49cd658\" \n\t\tclass=\"e-49cd658-3a5420f e-heading-base\" \n\t\t \n\t\t\n\t>\n\t\n\t\t\tContato do DPO para tratamento da Lei de Prote\u00e7\u00e3o de Dados\n\t\t<\/h3>\n\t\t\t\t<div class=\"elementor-element elementor-element-09c03c2 elementor-widget-divider--view-line elementor-widget elementor-widget-divider\" data-id=\"09c03c2\" data-element_type=\"widget\" data-e-type=\"widget\" data-widget_type=\"divider.default\">\n\t\t\t\t\t\t\t<div class=\"elementor-divider\">\n\t\t\t<span class=\"elementor-divider-separator\">\n\t\t\t\t\t\t<\/span>\n\t\t<\/div>\n\t\t\t\t\t\t<\/div>\n\t\t\t\t<div class=\"elementor-element elementor-element-c727cc0 elementor-widget elementor-widget-text-editor\" data-id=\"c727cc0\" data-element_type=\"widget\" data-e-type=\"widget\" data-widget_type=\"text-editor.default\">\n\t\t\t\t\t\t\t\t\t<p>A Vasconcelos respeita a sua privacidade. Caso tenha d\u00favidas ou solicita\u00e7\u00f5es sobre o tratamento dos seus dados pessoais, entre em contato com nosso Encarregado de Dados (DPO).<\/p>\t\t\t\t\t\t\t\t<\/div>\n\t\t\t\t<\/div>\n\t\t\t\t\t<\/div>\n\t\t\t\t<\/div>\n\t\t<div class=\"elementor-element elementor-element-f2783bd e-flex e-con-boxed e-con e-parent\" data-id=\"f2783bd\" data-element_type=\"container\" data-e-type=\"container\">\n\t\t\t\t\t<div class=\"e-con-inner\">\n\t\t<div class=\"elementor-element elementor-element-5c6ceb5 e-con-full e-flex e-con e-child\" data-id=\"5c6ceb5\" data-element_type=\"container\" data-e-type=\"container\">\n\t\t\t\t<\/div>\n\t\t<div class=\"elementor-element elementor-element-b565646 e-con-full e-flex e-con e-child\" data-id=\"b565646\" data-element_type=\"container\" data-e-type=\"container\">\n\t\t\t\t<div class=\"elementor-element elementor-element-b98a09c elementor-widget elementor-widget-text-editor\" data-id=\"b98a09c\" data-element_type=\"widget\" data-e-type=\"widget\" data-widget_type=\"text-editor.default\">\n\t\t\t\t\t\t\t\t\t<p><strong>Encarregado de Dados (DPO)<\/strong><\/p><p>\u00a0<\/p><p>Mauro Tadeu Gon\u00e7alves<\/p><p>Email: mauro.tadeu@vasconcelos.ind.br<\/p><p>Telefone: (34) 98411-0926 \/ (34) 2108-7979<\/p>\t\t\t\t\t\t\t\t<\/div>\n\t\t\t\t<\/div>\n\t\t\t\t\t<\/div>\n\t\t\t\t<\/div>\n\t\t\t\t<\/div>\n\t\t","protected":false},"excerpt":{"rendered":"<p>Contato do DPO para tratamento da Lei de Prote\u00e7\u00e3o de Dados A Vasconcelos respeita a sua privacidade. Caso tenha d\u00favidas ou solicita\u00e7\u00f5es sobre o tratamento dos seus dados pessoais, entre em contato com nosso Encarregado de Dados (DPO). Encarregado de Dados (DPO) \u00a0 Mauro Tadeu Gon\u00e7alves Email: mauro.tadeu@vasconcelos.ind.br Telefone: (34) 98411-0926 \/ (34) 2108-7979<\/p>\n","protected":false},"author":1,"featured_media":0,"parent":0,"menu_order":0,"comment_status":"closed","ping_status":"closed","template":"elementor_header_footer","meta":{"footnotes":""},"class_list":["post-429","page","type-page","status-publish","hentry"],"_links":{"self":[{"href":"https:\/\/arrozvasconcelos.com.br\/novo_site\/wp-json\/wp\/v2\/pages\/429","targetHints":{"allow":["GET"]}}],"collection":[{"href":"https:\/\/arrozvasconcelos.com.br\/novo_site\/wp-json\/wp\/v2\/pages"}],"about":[{"href":"https:\/\/arrozvasconcelos.com.br\/novo_site\/wp-json\/wp\/v2\/types\/page"}],"author":[{"embeddable":true,"href":"https:\/\/arrozvasconcelos.com.br\/novo_site\/wp-json\/wp\/v2\/users\/1"}],"replies":[{"embeddable":true,"href":"https:\/\/arrozvasconcelos.com.br\/novo_site\/wp-json\/wp\/v2\/comments?post=429"}],"version-history":[{"count":43,"href":"https:\/\/arrozvasconcelos.com.br\/novo_site\/wp-json\/wp\/v2\/pages\/429\/revisions"}],"predecessor-version":[{"id":1401,"href":"https:\/\/arrozvasconcelos.com.br\/novo_site\/wp-json\/wp\/v2\/pages\/429\/revisions\/1401"}],"wp:attachment":[{"href":"https:\/\/arrozvasconcelos.com.br\/novo_site\/wp-json\/wp\/v2\/media?parent=429"}],"curies":[{"name":"wp","href":"https:\/\/api.w.org\/{rel}","templated":true}]}}