{"id":407,"date":"2026-05-08T13:05:15","date_gmt":"2026-05-08T13:05:15","guid":{"rendered":"https:\/\/arrozvasconcelos.com.br\/novo_site\/?page_id=407"},"modified":"2026-05-13T11:23:22","modified_gmt":"2026-05-13T11:23:22","slug":"quem-somos","status":"publish","type":"page","link":"https:\/\/arrozvasconcelos.com.br\/novo_site\/quem-somos\/","title":{"rendered":"Quem Somos"},"content":{"rendered":"\t\t<div data-elementor-type=\"wp-page\" data-elementor-id=\"407\" class=\"elementor elementor-407\">\n\t\t\t\t<div class=\"elementor-element elementor-element-cd3c6ee e-flex e-con-boxed e-con e-parent\" data-id=\"cd3c6ee\" data-element_type=\"container\" data-e-type=\"container\">\n\t\t\t\t\t<div class=\"e-con-inner\">\n\t\t<div class=\"elementor-element elementor-element-7735e1f e-con-full e-flex e-con e-child\" data-id=\"7735e1f\" data-element_type=\"container\" data-e-type=\"container\">\n\t\t<div class=\"elementor-element elementor-element-3ec6031 e-con-full e-flex e-con e-child\" data-id=\"3ec6031\" data-element_type=\"container\" data-e-type=\"container\">\n\t\t\t\t\t\t\t<h2 \n\t\tdata-interaction-id=\"85c196f\" \n\t\tclass=\"e-85c196f-a08b7cf e-heading-base\" \n\t\t \n\t\t\n\t>\n\t\n\t\t\tQuem Somos\n\t\t<\/h2>\n\t\t\t\t<div class=\"elementor-element elementor-element-89051d5 elementor-widget-divider--view-line elementor-widget elementor-widget-divider\" data-id=\"89051d5\" data-element_type=\"widget\" data-e-type=\"widget\" data-widget_type=\"divider.default\">\n\t\t\t\t\t\t\t<div class=\"elementor-divider\">\n\t\t\t<span class=\"elementor-divider-separator\">\n\t\t\t\t\t\t<\/span>\n\t\t<\/div>\n\t\t\t\t\t\t<\/div>\n\t\t\t\t<div class=\"elementor-element elementor-element-aa6f16a elementor-widget elementor-widget-text-editor\" data-id=\"aa6f16a\" data-element_type=\"widget\" data-e-type=\"widget\" data-widget_type=\"text-editor.default\">\n\t\t\t\t\t\t\t\t\t<p>Nacionalmente conhecida, a Vasconcelos \u00e9 l\u00edder no mercado de alimenta\u00e7\u00e3o b\u00e1sica, produzindo e comercializando alimentos de alta qualidade para todo Brasil. Al\u00e9m disso, atua no mercado de Benef\u00edcios (fornecendo cestas de alimentos para empresas e para o governo).<\/p><p>\u201cN\u00f3s acreditamos no trabalho, e foi assim que chegamos at\u00e9 aqui. Trabalhamos com honestidade e buscamos sempre fazer o melhor, mas sabemos que s\u00f3 se faz o melhor quem faz com amor.\u201d, Rubens Martins de Ara\u00fajo \u2013 Presidente da Companhia.<\/p>\t\t\t\t\t\t\t\t<\/div>\n\t\t\t\t<\/div>\n\t\t\t\t<\/div>\n\t\t\t\t\t<\/div>\n\t\t\t\t<\/div>\n\t\t<div class=\"elementor-element elementor-element-39b4b9e animated-slow e-flex e-con-boxed elementor-invisible e-con e-parent\" data-id=\"39b4b9e\" data-element_type=\"container\" data-e-type=\"container\" data-settings=\"{&quot;background_background&quot;:&quot;classic&quot;,&quot;animation&quot;:&quot;fadeIn&quot;,&quot;animation_delay&quot;:300}\">\n\t\t\t\t\t<div class=\"e-con-inner\">\n\t\t\t\t<div class=\"elementor-element elementor-element-bc54b4b elementor-widget elementor-widget-heading\" data-id=\"bc54b4b\" data-element_type=\"widget\" data-e-type=\"widget\" data-widget_type=\"heading.default\">\n\t\t\t\t\t<h2 class=\"elementor-heading-title elementor-size-default\">NOSSA ORIGEM<\/h2>\t\t\t\t<\/div>\n\t\t\t\t<div class=\"elementor-element elementor-element-0ef6f80 elementor-widget elementor-widget-heading\" data-id=\"0ef6f80\" data-element_type=\"widget\" data-e-type=\"widget\" data-widget_type=\"heading.default\">\n\t\t\t\t\t<h2 class=\"elementor-heading-title elementor-size-default\">Nascemos do trabalho honesto de uma fam\u00edlia. Crescemos com o amor de um povo.<\/h2>\t\t\t\t<\/div>\n\t\t\t\t\t<\/div>\n\t\t\t\t<\/div>\n\t\t<div class=\"elementor-element elementor-element-b0c357b e-flex e-con-boxed e-con e-parent\" data-id=\"b0c357b\" data-element_type=\"container\" data-e-type=\"container\">\n\t\t\t\t\t<div class=\"e-con-inner\">\n\t\t<div class=\"elementor-element elementor-element-063c9c3 e-con-full e-flex e-con e-child\" data-id=\"063c9c3\" data-element_type=\"container\" data-e-type=\"container\">\n\t\t\t\t<div class=\"elementor-element elementor-element-c2ac518 elementor-widget elementor-widget-text-editor\" data-id=\"c2ac518\" data-element_type=\"widget\" data-e-type=\"widget\" data-widget_type=\"text-editor.default\">\n\t\t\t\t\t\t\t\t\t<p>Em meados dos anos 50 e 60, o Sr. Tubertino Martins de Ara\u00fajo, homem humilde e vision\u00e1rio, comprava feij\u00e3o das fazendas locais, e depois distribu\u00eda na cidade, em seu pr\u00f3prio caminh\u00e3o, no interior do estado de Minas Gerais.<\/p>\t\t\t\t\t\t\t\t<\/div>\n\t\t\t\t<\/div>\n\t\t<div class=\"elementor-element elementor-element-efbe954 e-con-full e-flex e-con e-child\" data-id=\"efbe954\" data-element_type=\"container\" data-e-type=\"container\">\n\t\t\t\t<div class=\"elementor-element elementor-element-511a931 elementor-widget elementor-widget-image\" data-id=\"511a931\" data-element_type=\"widget\" data-e-type=\"widget\" data-widget_type=\"image.default\">\n\t\t\t\t\t\t\t\t\t\t\t\t\t\t\t<img fetchpriority=\"high\" decoding=\"async\" width=\"295\" height=\"220\" src=\"https:\/\/arrozvasconcelos.com.br\/novo_site\/wp-content\/uploads\/2026\/05\/foto_quem_somos_01.jpg\" class=\"attachment-large size-large wp-image-415\" alt=\"\" \/>\t\t\t\t\t\t\t\t\t\t\t\t\t\t\t<\/div>\n\t\t\t\t<\/div>\n\t\t\t\t\t<\/div>\n\t\t\t\t<\/div>\n\t\t<div class=\"elementor-element elementor-element-9cdab42 e-flex e-con-boxed e-con e-parent\" data-id=\"9cdab42\" data-element_type=\"container\" data-e-type=\"container\">\n\t\t\t\t\t<div class=\"e-con-inner\">\n\t\t<div class=\"elementor-element elementor-element-ea77f6a e-con-full e-flex e-con e-child\" data-id=\"ea77f6a\" data-element_type=\"container\" data-e-type=\"container\">\n\t\t\t\t<div class=\"elementor-element elementor-element-7f9c82f elementor-widget elementor-widget-image\" data-id=\"7f9c82f\" data-element_type=\"widget\" data-e-type=\"widget\" data-widget_type=\"image.default\">\n\t\t\t\t\t\t\t\t\t\t\t\t\t\t\t<img decoding=\"async\" width=\"295\" height=\"220\" src=\"https:\/\/arrozvasconcelos.com.br\/novo_site\/wp-content\/uploads\/2026\/05\/foto_quem_somos_02.jpg\" class=\"attachment-large size-large wp-image-416\" alt=\"\" \/>\t\t\t\t\t\t\t\t\t\t\t\t\t\t\t<\/div>\n\t\t\t\t<\/div>\n\t\t<div class=\"elementor-element elementor-element-bbd1fb7 e-con-full e-flex e-con e-child\" data-id=\"bbd1fb7\" data-element_type=\"container\" data-e-type=\"container\">\n\t\t\t\t<div class=\"elementor-element elementor-element-b84dfe6 elementor-widget elementor-widget-text-editor\" data-id=\"b84dfe6\" data-element_type=\"widget\" data-e-type=\"widget\" data-widget_type=\"text-editor.default\">\n\t\t\t\t\t\t\t\t\t<p>Eram tempos muito dif\u00edceis!<\/p><p>Na d\u00e9cada\u00a0 de\u00a0 1970, o\u00a0 filho\u00a0 mais\u00a0 velho,\u00a0 Rubens\u00a0 Martins\u00a0 de\u00a0 Ara\u00fajo,\u00a0 atual\u00a0 presidente\u00a0 da empresa,\u00a0 se\u00a0 juntou\u00a0 ao\u00a0 neg\u00f3cio.\u00a0 Empreendedor,\u00a0 arriscou\u00a0 todas\u00a0 as\u00a0 suas\u00a0 economias\u00a0 para\u00a0 trazer\u00a0 uma\u00a0 carga\u00a0 inteira\u00a0 de\u00a0 feij\u00e3o\u00a0 do\u00a0 Paran\u00e1\u00a0 para\u00a0 Minas\u00a0 Gerais.<\/p><p>O pioneirismo e coragem, geraram frutos: assim que chegou em Araguari\/MG, vendeu tudo.<\/p>\t\t\t\t\t\t\t\t<\/div>\n\t\t\t\t<\/div>\n\t\t\t\t\t<\/div>\n\t\t\t\t<\/div>\n\t\t<div class=\"elementor-element elementor-element-f0a52c4 e-flex e-con-boxed e-con e-parent\" data-id=\"f0a52c4\" data-element_type=\"container\" data-e-type=\"container\">\n\t\t\t\t\t<div class=\"e-con-inner\">\n\t\t\t\t<div class=\"elementor-element elementor-element-8f3774a elementor-widget elementor-widget-text-editor\" data-id=\"8f3774a\" data-element_type=\"widget\" data-e-type=\"widget\" data-widget_type=\"text-editor.default\">\n\t\t\t\t\t\t\t\t\t<p>A qualidade superior do produto impressionou, e conquistou de vez a clientela local, que passou a confiar na fam\u00edlia Martins de Ara\u00fajo.<\/p><p>Nas d\u00e9cadas de 80 e 90 o restante dos irm\u00e3os vieram integrar, estruturar e profissionalizar o que seria a atual\u00a0<strong><b>Vasconcelos.<\/b><\/strong><\/p><p>Com toda a fam\u00edlia na opera\u00e7\u00e3o, e muito trabalho, a Vasconcelos cresceu ano ap\u00f3s ano. Iniciou o com\u00e9rcio e beneficiamento de Arroz, que logo se tornou o carro-chefe, e refer\u00eancia de qualidade em todo o Pa\u00eds.<\/p><p>De 2000 em diante a Vasconcelos vivenciou um \u201cboom\u201d de crescimento. Aumentou sua capacidade produtiva e de armazenamento, expandiu suas \u00e1reas de atua\u00e7\u00e3o e suas linhas de produtos, conquistou o respeito pelas suas marcas, investiu em tecnologia, conquistou mercados e o cora\u00e7\u00e3o do consumidor, sem nunca perder a ess\u00eancia de sua origem, e sem nunca deixar de olhar pelas comunidades onde atua.<\/p>\t\t\t\t\t\t\t\t<\/div>\n\t\t\t\t\t<\/div>\n\t\t\t\t<\/div>\n\t\t<div class=\"elementor-element elementor-element-1ab4ec7 e-flex e-con-boxed e-con e-parent\" data-id=\"1ab4ec7\" data-element_type=\"container\" data-e-type=\"container\">\n\t\t\t\t\t<div class=\"e-con-inner\">\n\t\t\t\t<div class=\"elementor-element elementor-element-24124a5 elementor-widget__width-inherit elementor-widget elementor-widget-image\" data-id=\"24124a5\" data-element_type=\"widget\" data-e-type=\"widget\" data-widget_type=\"image.default\">\n\t\t\t\t\t\t\t\t\t\t\t\t<figure class=\"wp-caption\">\n\t\t\t\t\t\t\t\t\t\t<img decoding=\"async\" width=\"984\" height=\"554\" src=\"https:\/\/arrozvasconcelos.com.br\/novo_site\/wp-content\/uploads\/2026\/05\/foto_matriz_arrozvasconcelos_01.webp\" class=\"attachment-full size-full wp-image-814\" alt=\"Arroz Vasconcelos - Araguari-MG\" srcset=\"https:\/\/arrozvasconcelos.com.br\/novo_site\/wp-content\/uploads\/2026\/05\/foto_matriz_arrozvasconcelos_01.webp 984w, https:\/\/arrozvasconcelos.com.br\/novo_site\/wp-content\/uploads\/2026\/05\/foto_matriz_arrozvasconcelos_01-300x169.webp 300w, https:\/\/arrozvasconcelos.com.br\/novo_site\/wp-content\/uploads\/2026\/05\/foto_matriz_arrozvasconcelos_01-768x432.webp 768w\" sizes=\"(max-width: 984px) 100vw, 984px\" \/>\t\t\t\t\t\t\t\t\t\t\t<figcaption class=\"widget-image-caption wp-caption-text\">Sede da empresa Arroz Vasconcelos - Araguari-MG<\/figcaption>\n\t\t\t\t\t\t\t\t\t\t<\/figure>\n\t\t\t\t\t\t\t\t\t<\/div>\n\t\t\t\t\t<\/div>\n\t\t\t\t<\/div>\n\t\t<div class=\"elementor-element elementor-element-e92ae64 e-flex e-con-boxed e-con e-parent\" data-id=\"e92ae64\" data-element_type=\"container\" data-e-type=\"container\">\n\t\t\t\t\t<div class=\"e-con-inner\">\n\t\t<div class=\"elementor-element elementor-element-8df7f83 e-flex e-con-boxed e-con e-child\" data-id=\"8df7f83\" data-element_type=\"container\" data-e-type=\"container\">\n\t\t\t\t\t<div class=\"e-con-inner\">\n\t\t\t\t<div class=\"elementor-element elementor-element-65ff304 elementor-widget elementor-widget-heading\" data-id=\"65ff304\" data-element_type=\"widget\" data-e-type=\"widget\" data-widget_type=\"heading.default\">\n\t\t\t\t\t<h2 class=\"elementor-heading-title elementor-size-default\">NOSSOS VALORES<\/h2>\t\t\t\t<\/div>\n\t\t\t\t<div class=\"elementor-element elementor-element-e7be5a7 elementor-widget elementor-widget-text-editor\" data-id=\"e7be5a7\" data-element_type=\"widget\" data-e-type=\"widget\" data-widget_type=\"text-editor.default\">\n\t\t\t\t\t\t\t\t\t<p>N\u00f3s acreditamos no trabalho<br \/>Foi assim que chegamos at\u00e9 aqui.<\/p><p>Trabalhamos com\u00a0<strong><b>honestidade<\/b><\/strong><br \/>Sem trapa\u00e7as ou \u201cjeitinhos\u201d.<\/p><p>Queremos fazer sempre\u00a0<strong><b>o melhor<\/b><\/strong><br \/>Nada de entrega meia-boca, \u00e9 preciso encantar.<br \/><br \/>Sabemos que s\u00f3 faz o melhor quem faz com\u00a0<strong><b>amor<\/b><\/strong>.<\/p><p>Amamos o que fazemos, amamos as pessoas e a vida.<\/p>\t\t\t\t\t\t\t\t<\/div>\n\t\t\t\t\t<\/div>\n\t\t\t\t<\/div>\n\t\t<div class=\"elementor-element elementor-element-e9ab818 e-flex e-con-boxed e-con e-child\" data-id=\"e9ab818\" data-element_type=\"container\" data-e-type=\"container\">\n\t\t\t\t\t<div class=\"e-con-inner\">\n\t\t\t\t<div class=\"elementor-element elementor-element-adff08b elementor-widget elementor-widget-heading\" data-id=\"adff08b\" data-element_type=\"widget\" data-e-type=\"widget\" data-widget_type=\"heading.default\">\n\t\t\t\t\t<h2 class=\"elementor-heading-title elementor-size-default\">NOSSA MISS\u00c3O<\/h2>\t\t\t\t<\/div>\n\t\t\t\t<div class=\"elementor-element elementor-element-dcc397b elementor-widget elementor-widget-text-editor\" data-id=\"dcc397b\" data-element_type=\"widget\" data-e-type=\"widget\" data-widget_type=\"text-editor.default\">\n\t\t\t\t\t\t\t\t\t<p>Ajudar as pessoas a fazer\u00a0<strong><b>sempre o seu melhor<\/b><\/strong>.\u00a0<\/p><p>O melhor pela sua alimenta\u00e7\u00e3o, pelas suas fam\u00edlias, pelo pr\u00f3ximo e para suas vidas.<\/p>\t\t\t\t\t\t\t\t<\/div>\n\t\t\t\t\t<\/div>\n\t\t\t\t<\/div>\n\t\t<div class=\"elementor-element elementor-element-db71090 e-flex e-con-boxed e-con e-child\" data-id=\"db71090\" data-element_type=\"container\" data-e-type=\"container\">\n\t\t\t\t\t<div class=\"e-con-inner\">\n\t\t\t\t<div class=\"elementor-element elementor-element-dfb1c1b elementor-widget elementor-widget-heading\" data-id=\"dfb1c1b\" data-element_type=\"widget\" data-e-type=\"widget\" data-widget_type=\"heading.default\">\n\t\t\t\t\t<h2 class=\"elementor-heading-title elementor-size-default\">NOSSA VIS\u00c3O<\/h2>\t\t\t\t<\/div>\n\t\t\t\t<div class=\"elementor-element elementor-element-7075be5 elementor-widget elementor-widget-text-editor\" data-id=\"7075be5\" data-element_type=\"widget\" data-e-type=\"widget\" data-widget_type=\"text-editor.default\">\n\t\t\t\t\t\t\t\t\t<p>Trabalhamos para ser uma grande e admir\u00e1vel empresa de alimentos e bebidas. Sempre!\u00a0<\/p><p>Seremos cada vez maiores em n\u00fameros, e cada vez mais admir\u00e1veis em nossa conduta. Seremos protagonistas de um mundo com pessoas sempre melhores.\u00a0<\/p>\t\t\t\t\t\t\t\t<\/div>\n\t\t\t\t\t<\/div>\n\t\t\t\t<\/div>\n\t\t\t\t\t<\/div>\n\t\t\t\t<\/div>\n\t\t<div class=\"elementor-element elementor-element-a4d1cce e-flex e-con-boxed e-con e-parent\" data-id=\"a4d1cce\" data-element_type=\"container\" data-e-type=\"container\">\n\t\t\t\t\t<div class=\"e-con-inner\">\n\t\t\t\t<div class=\"elementor-element elementor-element-4bf96f0 elementor-widget__width-inherit elementor-widget elementor-widget-image\" data-id=\"4bf96f0\" data-element_type=\"widget\" data-e-type=\"widget\" data-widget_type=\"image.default\">\n\t\t\t\t\t\t\t\t\t\t\t\t<figure class=\"wp-caption\">\n\t\t\t\t\t\t\t\t\t\t<img loading=\"lazy\" decoding=\"async\" width=\"984\" height=\"381\" src=\"https:\/\/arrozvasconcelos.com.br\/novo_site\/wp-content\/uploads\/2026\/05\/foto_matriz_arrozvasconcelos_02.webp\" class=\"attachment-full size-full wp-image-818\" alt=\"Arroz Vasconcelos - Araguari-MG\" srcset=\"https:\/\/arrozvasconcelos.com.br\/novo_site\/wp-content\/uploads\/2026\/05\/foto_matriz_arrozvasconcelos_02.webp 984w, https:\/\/arrozvasconcelos.com.br\/novo_site\/wp-content\/uploads\/2026\/05\/foto_matriz_arrozvasconcelos_02-300x116.webp 300w, https:\/\/arrozvasconcelos.com.br\/novo_site\/wp-content\/uploads\/2026\/05\/foto_matriz_arrozvasconcelos_02-768x297.webp 768w\" sizes=\"(max-width: 984px) 100vw, 984px\" \/>\t\t\t\t\t\t\t\t\t\t\t<figcaption class=\"widget-image-caption wp-caption-text\">Sede da empresa Arroz Vasconcelos - Araguari-MG<\/figcaption>\n\t\t\t\t\t\t\t\t\t\t<\/figure>\n\t\t\t\t\t\t\t\t\t<\/div>\n\t\t\t\t\t<\/div>\n\t\t\t\t<\/div>\n\t\t\t\t<\/div>\n\t\t","protected":false},"excerpt":{"rendered":"<p>Quem Somos Nacionalmente conhecida, a Vasconcelos \u00e9 l\u00edder no mercado de alimenta\u00e7\u00e3o b\u00e1sica, produzindo e comercializando alimentos de alta qualidade para todo Brasil. Al\u00e9m disso, atua no mercado de Benef\u00edcios (fornecendo cestas de alimentos para empresas e para o governo). \u201cN\u00f3s acreditamos no trabalho, e foi assim que chegamos at\u00e9 aqui. Trabalhamos com honestidade e [&hellip;]<\/p>\n","protected":false},"author":1,"featured_media":0,"parent":0,"menu_order":0,"comment_status":"closed","ping_status":"closed","template":"elementor_header_footer","meta":{"footnotes":""},"class_list":["post-407","page","type-page","status-publish","hentry"],"_links":{"self":[{"href":"https:\/\/arrozvasconcelos.com.br\/novo_site\/wp-json\/wp\/v2\/pages\/407","targetHints":{"allow":["GET"]}}],"collection":[{"href":"https:\/\/arrozvasconcelos.com.br\/novo_site\/wp-json\/wp\/v2\/pages"}],"about":[{"href":"https:\/\/arrozvasconcelos.com.br\/novo_site\/wp-json\/wp\/v2\/types\/page"}],"author":[{"embeddable":true,"href":"https:\/\/arrozvasconcelos.com.br\/novo_site\/wp-json\/wp\/v2\/users\/1"}],"replies":[{"embeddable":true,"href":"https:\/\/arrozvasconcelos.com.br\/novo_site\/wp-json\/wp\/v2\/comments?post=407"}],"version-history":[{"count":109,"href":"https:\/\/arrozvasconcelos.com.br\/novo_site\/wp-json\/wp\/v2\/pages\/407\/revisions"}],"predecessor-version":[{"id":1466,"href":"https:\/\/arrozvasconcelos.com.br\/novo_site\/wp-json\/wp\/v2\/pages\/407\/revisions\/1466"}],"wp:attachment":[{"href":"https:\/\/arrozvasconcelos.com.br\/novo_site\/wp-json\/wp\/v2\/media?parent=407"}],"curies":[{"name":"wp","href":"https:\/\/api.w.org\/{rel}","templated":true}]}}