{"id":1643,"date":"2026-05-17T17:32:55","date_gmt":"2026-05-17T17:32:55","guid":{"rendered":"https:\/\/arrozvasconcelos.com.br\/novo_site\/?page_id=1643"},"modified":"2026-05-17T18:30:04","modified_gmt":"2026-05-17T18:30:04","slug":"certificacoes","status":"publish","type":"page","link":"https:\/\/arrozvasconcelos.com.br\/novo_site\/certificacoes\/","title":{"rendered":"Certifica\u00e7\u00f5es"},"content":{"rendered":"\t\t<div data-elementor-type=\"wp-page\" data-elementor-id=\"1643\" class=\"elementor elementor-1643\">\n\t\t\t\t<div class=\"elementor-element elementor-element-d9a6a9c e-flex e-con-boxed e-con e-parent\" data-id=\"d9a6a9c\" data-element_type=\"container\" data-e-type=\"container\">\n\t\t\t\t\t<div class=\"e-con-inner\">\n\t\t<div class=\"elementor-element elementor-element-96cbb02 e-con-full e-flex e-con e-child\" data-id=\"96cbb02\" data-element_type=\"container\" data-e-type=\"container\">\n\t\t<div class=\"elementor-element elementor-element-2950bae e-con-full e-flex e-con e-child\" data-id=\"2950bae\" data-element_type=\"container\" data-e-type=\"container\">\n\t\t\t\t<\/div>\n\t\t<div class=\"elementor-element elementor-element-9838f20 e-con-full e-flex e-con e-child\" data-id=\"9838f20\" data-element_type=\"container\" data-e-type=\"container\">\n\t\t\t\t\t\t\t<h2 \n\t\tdata-interaction-id=\"5e715be\" \n\t\tclass=\"e-5e715be-00775d7 e-heading-base\" \n\t\t \n\t\t\n\t>\n\t\n\t\t\tCertifica\u00e7\u00f5es\n\t\t<\/h2>\n\t\t\t\t<div class=\"elementor-element elementor-element-b2d8e3a elementor-widget-divider--view-line elementor-widget elementor-widget-divider\" data-id=\"b2d8e3a\" data-element_type=\"widget\" data-e-type=\"widget\" data-widget_type=\"divider.default\">\n\t\t\t\t\t\t\t<div class=\"elementor-divider\">\n\t\t\t<span class=\"elementor-divider-separator\">\n\t\t\t\t\t\t<\/span>\n\t\t<\/div>\n\t\t\t\t\t\t<\/div>\n\t\t\t\t<div class=\"elementor-element elementor-element-568d392 elementor-widget elementor-widget-text-editor\" data-id=\"568d392\" data-element_type=\"widget\" data-e-type=\"widget\" data-widget_type=\"text-editor.default\">\n\t\t\t\t\t\t\t\t\t<p>Na Vasconcelos, qualidade, seguran\u00e7a e compromisso com o consumidor est\u00e3o presentes em cada etapa do nosso processo produtivo. Possu\u00edmos certifica\u00e7\u00f5es reconhecidas internacionalmente que refor\u00e7am nossa dedica\u00e7\u00e3o \u00e0 excel\u00eancia, \u00e0 seguran\u00e7a dos alimentos e \u00e0 melhoria cont\u00ednua. Garantindo que nossos produtos cheguem \u00e0 mesa das fam\u00edlias com confian\u00e7a e responsabilidade.<\/p>\t\t\t\t\t\t\t\t<\/div>\n\t\t\t\t<\/div>\n\t\t\t\t<\/div>\n\t\t\t\t\t<\/div>\n\t\t\t\t<\/div>\n\t\t<div class=\"elementor-element elementor-element-4a0fa43 animated-slow e-flex e-con-boxed elementor-invisible e-con e-parent\" data-id=\"4a0fa43\" data-element_type=\"container\" data-e-type=\"container\" data-settings=\"{&quot;background_background&quot;:&quot;classic&quot;,&quot;animation&quot;:&quot;fadeIn&quot;,&quot;animation_delay&quot;:300}\">\n\t\t\t\t\t<div class=\"e-con-inner\">\n\t\t<div class=\"elementor-element elementor-element-2e6a1ff e-con-full e-flex e-con e-child\" data-id=\"2e6a1ff\" data-element_type=\"container\" data-e-type=\"container\">\n\t\t\t\t<div class=\"elementor-element elementor-element-c4fdac3 elementor-widget elementor-widget-heading\" data-id=\"c4fdac3\" data-element_type=\"widget\" data-e-type=\"widget\" data-widget_type=\"heading.default\">\n\t\t\t\t\t<h2 class=\"elementor-heading-title elementor-size-default\">Excel\u00eancia reconhecida. Compromisso comprovado.<\/h2>\t\t\t\t<\/div>\n\t\t\t\t<\/div>\n\t\t\t\t\t<\/div>\n\t\t\t\t<\/div>\n\t\t<div class=\"elementor-element elementor-element-6798d10 e-flex e-con-boxed e-con e-parent\" data-id=\"6798d10\" data-element_type=\"container\" data-e-type=\"container\">\n\t\t\t\t\t<div class=\"e-con-inner\">\n\t\t<div class=\"elementor-element elementor-element-92240a0 e-con-full e-flex e-con e-child\" data-id=\"92240a0\" data-element_type=\"container\" data-e-type=\"container\">\n\t\t\t\t<div class=\"elementor-element elementor-element-b094f6f elementor-widget elementor-widget-heading\" data-id=\"b094f6f\" data-element_type=\"widget\" data-e-type=\"widget\" data-widget_type=\"heading.default\">\n\t\t\t\t\t<h2 class=\"elementor-heading-title elementor-size-default\">NOSSOS PRODUTOS<\/h2>\t\t\t\t<\/div>\n\t\t\t\t<div class=\"elementor-element elementor-element-e7cb10b elementor-widget elementor-widget-text-editor\" data-id=\"e7cb10b\" data-element_type=\"widget\" data-e-type=\"widget\" data-widget_type=\"text-editor.default\">\n\t\t\t\t\t\t\t\t\t<p>Atuamos com produtos essenciais para o dia a dia.<\/p>\t\t\t\t\t\t\t\t<\/div>\n\t\t\t\t<div class=\"elementor-element elementor-element-6eeab4c elementor-widget elementor-widget-text-editor\" data-id=\"6eeab4c\" data-element_type=\"widget\" data-e-type=\"widget\" data-widget_type=\"text-editor.default\">\n\t\t\t\t\t\t\t\t\t<p>Nosso portf\u00f3lio abrange o beneficiamento, empacotamento e comercializa\u00e7\u00e3o de produtos fundamentais para as fam\u00edlias, incluindo arroz, feij\u00e3o, caf\u00e9 e a\u00e7\u00facar. Todos produzidos sob rigorosos padr\u00f5es de controle e qualidade.<\/p>\t\t\t\t\t\t\t\t<\/div>\n\t\t\t\t<\/div>\n\t\t\t\t\t<\/div>\n\t\t\t\t<\/div>\n\t\t<div class=\"elementor-element elementor-element-de81ece e-flex e-con-boxed e-con e-parent\" data-id=\"de81ece\" data-element_type=\"container\" data-e-type=\"container\">\n\t\t\t\t\t<div class=\"e-con-inner\">\n\t\t<div class=\"elementor-element elementor-element-55d8ab8 e-con-full e-flex e-con e-child\" data-id=\"55d8ab8\" data-element_type=\"container\" data-e-type=\"container\">\n\t\t\t\t<div class=\"elementor-element elementor-element-b56fbe8 elementor-widget elementor-widget-heading\" data-id=\"b56fbe8\" data-element_type=\"widget\" data-e-type=\"widget\" data-widget_type=\"heading.default\">\n\t\t\t\t\t<h2 class=\"elementor-heading-title elementor-size-default\">ISO 9001 \u2014 Sistema de Gest\u00e3o da Qualidade<\/h2>\t\t\t\t<\/div>\n\t\t\t\t<div class=\"elementor-element elementor-element-aca8be1 elementor-widget elementor-widget-text-editor\" data-id=\"aca8be1\" data-element_type=\"widget\" data-e-type=\"widget\" data-widget_type=\"text-editor.default\">\n\t\t\t\t\t\t\t\t\t<p class=\"font-claude-response-body break-words whitespace-normal leading-[1.7]\">A ISO 9001 \u00e9 a principal certifica\u00e7\u00e3o internacional de gest\u00e3o da qualidade, reconhecida em todo o mundo por garantir processos padronizados, monitorados e orientados \u00e0 melhoria cont\u00ednua.<\/p><p class=\"font-claude-response-body break-words whitespace-normal leading-[1.7]\">Na Vasconcelos, essa certifica\u00e7\u00e3o comprova nossa capacidade de oferecer produtos consistentes, com maior efici\u00eancia operacional e excel\u00eancia em cada etapa produtiva.<\/p>\t\t\t\t\t\t\t\t<\/div>\n\t\t\t\t<div class=\"elementor-element elementor-element-3dd6437 elementor-widget elementor-widget-text-editor\" data-id=\"3dd6437\" data-element_type=\"widget\" data-e-type=\"widget\" data-widget_type=\"text-editor.default\">\n\t\t\t\t\t\t\t\t\t<p class=\"font-claude-response-body break-words whitespace-normal leading-[1.7]\"><strong>Benef\u00edcios:<\/strong><\/p><ul class=\"[li_&amp;]:mb-0 [li_&amp;]:mt-1 [li_&amp;]:gap-1 [&amp;:not(:last-child)_ul]:pb-1 [&amp;:not(:last-child)_ol]:pb-1 list-disc flex flex-col gap-1 pl-8 mb-3\"><li class=\"font-claude-response-body whitespace-normal break-words pl-2\">Padroniza\u00e7\u00e3o dos processos internos<\/li><li class=\"font-claude-response-body whitespace-normal break-words pl-2\">Maior controle e rastreabilidade operacional<\/li><li class=\"font-claude-response-body whitespace-normal break-words pl-2\">Redu\u00e7\u00e3o de falhas e desperd\u00edcios<\/li><li class=\"font-claude-response-body whitespace-normal break-words pl-2\">Melhoria cont\u00ednua das atividades<\/li><li class=\"font-claude-response-body whitespace-normal break-words pl-2\">Maior satisfa\u00e7\u00e3o de clientes e parceiros<\/li><li class=\"font-claude-response-body whitespace-normal break-words pl-2\">Qualidade consistente em todas as etapas<\/li><\/ul>\t\t\t\t\t\t\t\t<\/div>\n\t\t\t\t<\/div>\n\t\t\t\t\t<\/div>\n\t\t\t\t<\/div>\n\t\t<div class=\"elementor-element elementor-element-db1b6f3 e-flex e-con-boxed e-con e-parent\" data-id=\"db1b6f3\" data-element_type=\"container\" data-e-type=\"container\">\n\t\t\t\t\t<div class=\"e-con-inner\">\n\t\t<div class=\"elementor-element elementor-element-e0562a7 e-con-full e-flex e-con e-child\" data-id=\"e0562a7\" data-element_type=\"container\" data-e-type=\"container\">\n\t\t\t\t<div class=\"elementor-element elementor-element-5239606 elementor-widget elementor-widget-heading\" data-id=\"5239606\" data-element_type=\"widget\" data-e-type=\"widget\" data-widget_type=\"heading.default\">\n\t\t\t\t\t<h2 class=\"elementor-heading-title elementor-size-default\">ISO 22000 \u2014 Sistema de Gest\u00e3o de Seguran\u00e7a de Alimentos<\/h2>\t\t\t\t<\/div>\n\t\t\t\t<div class=\"elementor-element elementor-element-eda2acf elementor-widget elementor-widget-text-editor\" data-id=\"eda2acf\" data-element_type=\"widget\" data-e-type=\"widget\" data-widget_type=\"text-editor.default\">\n\t\t\t\t\t\t\t\t\t<p class=\"font-claude-response-body break-words whitespace-normal leading-[1.7]\">A ISO 22000 estabelece crit\u00e9rios internacionais rigorosos para controle e preven\u00e7\u00e3o de riscos em toda a cadeia produtiva de alimentos,\u00a0 da mat\u00e9ria-prima ao produto final.<\/p><p class=\"font-claude-response-body break-words whitespace-normal leading-[1.7]\">Com essa certifica\u00e7\u00e3o, a Vasconcelos assegura que todos os processos de beneficiamento, empacotamento e comercializa\u00e7\u00e3o seguem os mais elevados padr\u00f5es de seguran\u00e7a e controle sanit\u00e1rio.<\/p>\t\t\t\t\t\t\t\t<\/div>\n\t\t\t\t<div class=\"elementor-element elementor-element-b3afbe1 elementor-widget elementor-widget-text-editor\" data-id=\"b3afbe1\" data-element_type=\"widget\" data-e-type=\"widget\" data-widget_type=\"text-editor.default\">\n\t\t\t\t\t\t\t\t\t<p class=\"font-claude-response-body break-words whitespace-normal leading-[1.7]\"><strong>Benef\u00edcios:<\/strong><\/p><ul><li class=\"font-claude-response-body whitespace-normal break-words pl-2\">Seguran\u00e7a dos alimentos em todas as etapas<\/li><li class=\"font-claude-response-body whitespace-normal break-words pl-2\">Controle e preven\u00e7\u00e3o de riscos de contamina\u00e7\u00e3o<\/li><li class=\"font-claude-response-body whitespace-normal break-words pl-2\">Rastreabilidade completa dos produtos<\/li><li class=\"font-claude-response-body whitespace-normal break-words pl-2\">Conformidade com normas do setor aliment\u00edcio<\/li><li class=\"font-claude-response-body whitespace-normal break-words pl-2\">Prote\u00e7\u00e3o e confian\u00e7a ao consumidor final<\/li><li class=\"font-claude-response-body whitespace-normal break-words pl-2\">Compromisso com a seguran\u00e7a e responsabilidade em toda a cadeia produtiva<\/li><\/ul>\t\t\t\t\t\t\t\t<\/div>\n\t\t\t\t<\/div>\n\t\t\t\t\t<\/div>\n\t\t\t\t<\/div>\n\t\t<div class=\"elementor-element elementor-element-b5243dd e-flex e-con-boxed e-con e-parent\" data-id=\"b5243dd\" data-element_type=\"container\" data-e-type=\"container\">\n\t\t\t\t\t<div class=\"e-con-inner\">\n\t\t<div class=\"elementor-element elementor-element-dfae394 e-con-full e-flex e-con e-child\" data-id=\"dfae394\" data-element_type=\"container\" data-e-type=\"container\">\n\t\t\t\t<div class=\"elementor-element elementor-element-73da6b6 elementor-widget elementor-widget-heading\" data-id=\"73da6b6\" data-element_type=\"widget\" data-e-type=\"widget\" data-widget_type=\"heading.default\">\n\t\t\t\t\t<h2 class=\"elementor-heading-title elementor-size-default\">Nosso Compromisso com a Excel\u00eancia<\/h2>\t\t\t\t<\/div>\n\t\t\t\t<div class=\"elementor-element elementor-element-e7ef278 elementor-widget elementor-widget-text-editor\" data-id=\"e7ef278\" data-element_type=\"widget\" data-e-type=\"widget\" data-widget_type=\"text-editor.default\">\n\t\t\t\t\t\t\t\t\t<p class=\"font-claude-response-body break-words whitespace-normal leading-[1.7]\">As certifica\u00e7\u00f5es ISO 9001 e ISO 22000 representam mais do que requisitos t\u00e9cnicos, elas refletem a cultura da Vasconcelos de trabalhar com responsabilidade, organiza\u00e7\u00e3o e foco permanente na melhoria cont\u00ednua.<\/p><p class=\"font-claude-response-body break-words whitespace-normal leading-[1.7]\">S\u00e3o o reconhecimento formal dos valores que sempre fizeram parte da trajet\u00f3ria da Vasconcelos: qualidade, seguran\u00e7a e compromisso com o consumidor.<\/p>\t\t\t\t\t\t\t\t<\/div>\n\t\t\t\t<\/div>\n\t\t\t\t\t<\/div>\n\t\t\t\t<\/div>\n\t\t\t\t<\/div>\n\t\t","protected":false},"excerpt":{"rendered":"<p>Certifica\u00e7\u00f5es Na Vasconcelos, qualidade, seguran\u00e7a e compromisso com o consumidor est\u00e3o presentes em cada etapa do nosso processo produtivo. Possu\u00edmos certifica\u00e7\u00f5es reconhecidas internacionalmente que refor\u00e7am nossa dedica\u00e7\u00e3o \u00e0 excel\u00eancia, \u00e0 seguran\u00e7a dos alimentos e \u00e0 melhoria cont\u00ednua. Garantindo que nossos produtos cheguem \u00e0 mesa das fam\u00edlias com confian\u00e7a e responsabilidade. Excel\u00eancia reconhecida. Compromisso comprovado. NOSSOS [&hellip;]<\/p>\n","protected":false},"author":1,"featured_media":0,"parent":0,"menu_order":0,"comment_status":"closed","ping_status":"closed","template":"elementor_header_footer","meta":{"footnotes":""},"class_list":["post-1643","page","type-page","status-publish","hentry"],"_links":{"self":[{"href":"https:\/\/arrozvasconcelos.com.br\/novo_site\/wp-json\/wp\/v2\/pages\/1643","targetHints":{"allow":["GET"]}}],"collection":[{"href":"https:\/\/arrozvasconcelos.com.br\/novo_site\/wp-json\/wp\/v2\/pages"}],"about":[{"href":"https:\/\/arrozvasconcelos.com.br\/novo_site\/wp-json\/wp\/v2\/types\/page"}],"author":[{"embeddable":true,"href":"https:\/\/arrozvasconcelos.com.br\/novo_site\/wp-json\/wp\/v2\/users\/1"}],"replies":[{"embeddable":true,"href":"https:\/\/arrozvasconcelos.com.br\/novo_site\/wp-json\/wp\/v2\/comments?post=1643"}],"version-history":[{"count":40,"href":"https:\/\/arrozvasconcelos.com.br\/novo_site\/wp-json\/wp\/v2\/pages\/1643\/revisions"}],"predecessor-version":[{"id":1687,"href":"https:\/\/arrozvasconcelos.com.br\/novo_site\/wp-json\/wp\/v2\/pages\/1643\/revisions\/1687"}],"wp:attachment":[{"href":"https:\/\/arrozvasconcelos.com.br\/novo_site\/wp-json\/wp\/v2\/media?parent=1643"}],"curies":[{"name":"wp","href":"https:\/\/api.w.org\/{rel}","templated":true}]}}